{"id":601,"date":"2025-10-24T11:19:33","date_gmt":"2025-10-24T11:19:33","guid":{"rendered":"https:\/\/kaleon.com\/privacy-policy\/"},"modified":"2025-11-19T17:07:39","modified_gmt":"2025-11-19T17:07:39","slug":"privacy-policy","status":"publish","type":"page","link":"https:\/\/kaleon.com\/fr\/privacy-policy\/","title":{"rendered":"Politique relative aux cookies"},"content":{"rendered":"","protected":false},"excerpt":{"rendered":"","protected":false},"author":1,"featured_media":0,"parent":0,"menu_order":40,"comment_status":"closed","ping_status":"closed","template":"templates\/standard-text.php","meta":{"_acf_changed":false,"inline_featured_image":false},"class_list":["post-601","page","type-page","status-publish","hentry"],"acf":[],"yoast_head":"<!-- This site is optimized with the Yoast SEO plugin v27.4 - https:\/\/yoast.com\/product\/yoast-seo-wordpress\/ -->\n<title>Kaleon \u2013 Politique de Confidentialit\u00e9 | Traitement des Donn\u00e9es<\/title>\n<meta name=\"description\" content=\"Politique de confidentialit\u00e9 de Kaleon S.p.A., conforme au R\u00e8glement UE 679\/2016 (RGPD) : types de donn\u00e9es collect\u00e9es, finalit\u00e9s, droits des utilisateurs et contacts.\" \/>\n<meta name=\"robots\" content=\"index, follow, max-snippet:-1, max-image-preview:large, max-video-preview:-1\" \/>\n<link rel=\"canonical\" href=\"https:\/\/kaleon.com\/fr\/privacy-policy\/\" \/>\n<meta property=\"og:locale\" content=\"fr_FR\" \/>\n<meta property=\"og:type\" content=\"article\" \/>\n<meta property=\"og:title\" content=\"Kaleon \u2013 Politique de Confidentialit\u00e9 | Traitement des Donn\u00e9es\" \/>\n<meta property=\"og:description\" content=\"Politique de confidentialit\u00e9 de Kaleon S.p.A., conforme au R\u00e8glement UE 679\/2016 (RGPD) : types de donn\u00e9es collect\u00e9es, finalit\u00e9s, droits des utilisateurs et contacts.\" \/>\n<meta property=\"og:url\" content=\"https:\/\/kaleon.com\/fr\/privacy-policy\/\" \/>\n<meta property=\"og:site_name\" content=\"Kaleon\" \/>\n<meta property=\"article:modified_time\" content=\"2025-11-19T17:07:39+00:00\" \/>\n<meta name=\"twitter:card\" content=\"summary_large_image\" \/>\n<meta name=\"twitter:label1\" content=\"Dur\u00e9e de lecture estim\u00e9e\" \/>\n\t<meta name=\"twitter:data1\" content=\"6 minutes\" \/>\n<script type=\"application\/ld+json\" class=\"yoast-schema-graph\">{\"@context\":\"https:\\\/\\\/schema.org\",\"@graph\":[{\"@type\":\"WebPage\",\"@id\":\"https:\\\/\\\/kaleon.com\\\/fr\\\/privacy-policy\\\/\",\"url\":\"https:\\\/\\\/kaleon.com\\\/fr\\\/privacy-policy\\\/\",\"name\":\"Kaleon \u2013 Politique de Confidentialit\u00e9 | Traitement des Donn\u00e9es\",\"isPartOf\":{\"@id\":\"https:\\\/\\\/kaleon.com\\\/fr\\\/#website\"},\"datePublished\":\"2025-10-24T11:19:33+00:00\",\"dateModified\":\"2025-11-19T17:07:39+00:00\",\"description\":\"Politique de confidentialit\u00e9 de Kaleon S.p.A., conforme au R\u00e8glement UE 679\\\/2016 (RGPD) : types de donn\u00e9es collect\u00e9es, finalit\u00e9s, droits des utilisateurs et contacts.\",\"breadcrumb\":{\"@id\":\"https:\\\/\\\/kaleon.com\\\/fr\\\/privacy-policy\\\/#breadcrumb\"},\"inLanguage\":\"fr-FR\",\"potentialAction\":[{\"@type\":\"ReadAction\",\"target\":[\"https:\\\/\\\/kaleon.com\\\/fr\\\/privacy-policy\\\/\"]}]},{\"@type\":\"BreadcrumbList\",\"@id\":\"https:\\\/\\\/kaleon.com\\\/fr\\\/privacy-policy\\\/#breadcrumb\",\"itemListElement\":[{\"@type\":\"ListItem\",\"position\":1,\"name\":\"Home\",\"item\":\"https:\\\/\\\/kaleon.com\\\/fr\\\/\"},{\"@type\":\"ListItem\",\"position\":2,\"name\":\"Politique relative aux cookies\"}]},{\"@type\":\"WebSite\",\"@id\":\"https:\\\/\\\/kaleon.com\\\/fr\\\/#website\",\"url\":\"https:\\\/\\\/kaleon.com\\\/fr\\\/\",\"name\":\"Kaleon\",\"description\":\"\",\"potentialAction\":[{\"@type\":\"SearchAction\",\"target\":{\"@type\":\"EntryPoint\",\"urlTemplate\":\"https:\\\/\\\/kaleon.com\\\/fr\\\/?s={search_term_string}\"},\"query-input\":{\"@type\":\"PropertyValueSpecification\",\"valueRequired\":true,\"valueName\":\"search_term_string\"}}],\"inLanguage\":\"fr-FR\"}]}<\/script>\n<!-- \/ Yoast SEO plugin. -->","yoast_head_json":{"title":"Kaleon \u2013 Politique de Confidentialit\u00e9 | Traitement des Donn\u00e9es","description":"Politique de confidentialit\u00e9 de Kaleon S.p.A., conforme au R\u00e8glement UE 679\/2016 (RGPD) : types de donn\u00e9es collect\u00e9es, finalit\u00e9s, droits des utilisateurs et contacts.","robots":{"index":"index","follow":"follow","max-snippet":"max-snippet:-1","max-image-preview":"max-image-preview:large","max-video-preview":"max-video-preview:-1"},"canonical":"https:\/\/kaleon.com\/fr\/privacy-policy\/","og_locale":"fr_FR","og_type":"article","og_title":"Kaleon \u2013 Politique de Confidentialit\u00e9 | Traitement des Donn\u00e9es","og_description":"Politique de confidentialit\u00e9 de Kaleon S.p.A., conforme au R\u00e8glement UE 679\/2016 (RGPD) : types de donn\u00e9es collect\u00e9es, finalit\u00e9s, droits des utilisateurs et contacts.","og_url":"https:\/\/kaleon.com\/fr\/privacy-policy\/","og_site_name":"Kaleon","article_modified_time":"2025-11-19T17:07:39+00:00","twitter_card":"summary_large_image","twitter_misc":{"Dur\u00e9e de lecture estim\u00e9e":"6 minutes"},"schema":{"@context":"https:\/\/schema.org","@graph":[{"@type":"WebPage","@id":"https:\/\/kaleon.com\/fr\/privacy-policy\/","url":"https:\/\/kaleon.com\/fr\/privacy-policy\/","name":"Kaleon \u2013 Politique de Confidentialit\u00e9 | Traitement des Donn\u00e9es","isPartOf":{"@id":"https:\/\/kaleon.com\/fr\/#website"},"datePublished":"2025-10-24T11:19:33+00:00","dateModified":"2025-11-19T17:07:39+00:00","description":"Politique de confidentialit\u00e9 de Kaleon S.p.A., conforme au R\u00e8glement UE 679\/2016 (RGPD) : types de donn\u00e9es collect\u00e9es, finalit\u00e9s, droits des utilisateurs et contacts.","breadcrumb":{"@id":"https:\/\/kaleon.com\/fr\/privacy-policy\/#breadcrumb"},"inLanguage":"fr-FR","potentialAction":[{"@type":"ReadAction","target":["https:\/\/kaleon.com\/fr\/privacy-policy\/"]}]},{"@type":"BreadcrumbList","@id":"https:\/\/kaleon.com\/fr\/privacy-policy\/#breadcrumb","itemListElement":[{"@type":"ListItem","position":1,"name":"Home","item":"https:\/\/kaleon.com\/fr\/"},{"@type":"ListItem","position":2,"name":"Politique relative aux cookies"}]},{"@type":"WebSite","@id":"https:\/\/kaleon.com\/fr\/#website","url":"https:\/\/kaleon.com\/fr\/","name":"Kaleon","description":"","potentialAction":[{"@type":"SearchAction","target":{"@type":"EntryPoint","urlTemplate":"https:\/\/kaleon.com\/fr\/?s={search_term_string}"},"query-input":{"@type":"PropertyValueSpecification","valueRequired":true,"valueName":"search_term_string"}}],"inLanguage":"fr-FR"}]}},"_links":{"self":[{"href":"https:\/\/kaleon.com\/fr\/wp-json\/wp\/v2\/pages\/601","targetHints":{"allow":["GET"]}}],"collection":[{"href":"https:\/\/kaleon.com\/fr\/wp-json\/wp\/v2\/pages"}],"about":[{"href":"https:\/\/kaleon.com\/fr\/wp-json\/wp\/v2\/types\/page"}],"author":[{"embeddable":true,"href":"https:\/\/kaleon.com\/fr\/wp-json\/wp\/v2\/users\/1"}],"replies":[{"embeddable":true,"href":"https:\/\/kaleon.com\/fr\/wp-json\/wp\/v2\/comments?post=601"}],"version-history":[{"count":5,"href":"https:\/\/kaleon.com\/fr\/wp-json\/wp\/v2\/pages\/601\/revisions"}],"predecessor-version":[{"id":909,"href":"https:\/\/kaleon.com\/fr\/wp-json\/wp\/v2\/pages\/601\/revisions\/909"}],"wp:attachment":[{"href":"https:\/\/kaleon.com\/fr\/wp-json\/wp\/v2\/media?parent=601"}],"curies":[{"name":"wp","href":"https:\/\/api.w.org\/{rel}","templated":true}]}}